{"id":15261,"date":"2018-05-16T15:27:32","date_gmt":"2018-05-16T15:27:32","guid":{"rendered":"https:\/\/kantonszahnaerzte.ch\/?page_id=15261"},"modified":"2019-08-22T08:03:00","modified_gmt":"2019-08-22T08:03:00","slug":"versammlung-08-11-2018-2-2-2","status":"publish","type":"page","link":"https:\/\/kantonszahnaerzte.ch\/fr\/versammlung-08-11-2018-2-2-2\/","title":{"rendered":"Versammlung  07.11.2019"},"content":{"rendered":"Vous devez \u00eatre connect\u00e9 pour voir ce contenu.","protected":false},"excerpt":{"rendered":"Vous devez \u00eatre connect\u00e9 pour voir ce contenu.","protected":false},"author":9,"featured_media":0,"parent":0,"menu_order":0,"comment_status":"closed","ping_status":"closed","template":"","meta":{"footnotes":""},"categories":[],"tags":[],"class_list":["post-15261","page","type-page","status-publish","hentry"],"_links":{"self":[{"href":"https:\/\/kantonszahnaerzte.ch\/fr\/wp-json\/wp\/v2\/pages\/15261","targetHints":{"allow":["GET"]}}],"collection":[{"href":"https:\/\/kantonszahnaerzte.ch\/fr\/wp-json\/wp\/v2\/pages"}],"about":[{"href":"https:\/\/kantonszahnaerzte.ch\/fr\/wp-json\/wp\/v2\/types\/page"}],"author":[{"embeddable":true,"href":"https:\/\/kantonszahnaerzte.ch\/fr\/wp-json\/wp\/v2\/users\/9"}],"replies":[{"embeddable":true,"href":"https:\/\/kantonszahnaerzte.ch\/fr\/wp-json\/wp\/v2\/comments?post=15261"}],"version-history":[{"count":1,"href":"https:\/\/kantonszahnaerzte.ch\/fr\/wp-json\/wp\/v2\/pages\/15261\/revisions"}],"predecessor-version":[{"id":15263,"href":"https:\/\/kantonszahnaerzte.ch\/fr\/wp-json\/wp\/v2\/pages\/15261\/revisions\/15263"}],"wp:attachment":[{"href":"https:\/\/kantonszahnaerzte.ch\/fr\/wp-json\/wp\/v2\/media?parent=15261"}],"wp:term":[{"taxonomy":"category","embeddable":true,"href":"https:\/\/kantonszahnaerzte.ch\/fr\/wp-json\/wp\/v2\/categories?post=15261"},{"taxonomy":"post_tag","embeddable":true,"href":"https:\/\/kantonszahnaerzte.ch\/fr\/wp-json\/wp\/v2\/tags?post=15261"}],"curies":[{"name":"wp","href":"https:\/\/api.w.org\/{rel}","templated":true}]}}